{"id":94,"date":"2021-12-21T22:19:20","date_gmt":"2021-12-21T22:19:20","guid":{"rendered":"https:\/\/www.hempproducts.eu\/?page_id=94"},"modified":"2021-12-21T22:19:20","modified_gmt":"2021-12-21T22:19:20","slug":"allgemeine-geschaeftsbedingungen","status":"publish","type":"page","link":"https:\/\/www.hempproducts.eu\/en-us\/allgemeine-geschaeftsbedingungen\/","title":{"rendered":"Allgemeine Gesch\u00e4ftsbedingungen"},"content":{"rendered":"<div class=\"fl-post-content clearfix\">\n<p><strong>\u00a7 1 Geltungsbereich, Kundeninformationen<\/strong><\/p>\n<p>\u00dcber diese allgemeinen Gesch\u00e4ftsbedingungen wird das Vertragsverh\u00e4ltnis zwischen K\u00e4ufer und Verk\u00e4ufer geregelt und n\u00e4her ausgestaltet. Durch eine Bestellung bei Hemp Products erkl\u00e4ren Sie sich ausdr\u00fccklich mit der Anwendbarkeit und Geltung dieser Gesch\u00e4ftsbedingungen einverstanden sowie damit, dass Ihnen vor Abgabe Ihrer Bestellung diese Gesch\u00e4ftsbedingungen bekannt waren, bzw. Ihnen zug\u00e4nglich gemacht wurden.<\/p>\n<p><strong>\u00a7 2 Gew\u00e4hrleistung<\/strong><\/p>\n<p>(1) Die Gew\u00e4hrleistungsfrist betr\u00e4gt ein Jahr ab Lieferung oder, soweit eine Abnahme erforderlich ist, ab der Abnahme.<\/p>\n<p>(2) Die gelieferten Gegenst\u00e4nde sind unverz\u00fcglich nach Ablieferung an den K\u00e4ufer oder an den von ihm bestimmten Dritten sorgf\u00e4ltig zu untersuchen. Sie gelten als genehmigt, wenn dem Verk\u00e4ufer nicht eine M\u00e4ngelr\u00fcge hinsichtlich offensichtlicher M\u00e4ngel oder anderer M\u00e4ngel, die bei einer unverz\u00fcglichen, sorgf\u00e4ltigen Untersuchung erkennbar waren, binnen sieben Werktagen nach Ablieferung des Liefergegenstandes, oder ansonsten binnen sieben Werktagen nach der Entdeckung des Mangels oder dem Zeitpunkt, in dem der Mangel f\u00fcr den K\u00e4ufer bei normaler Verwendung des Liefergegenstandes ohne n\u00e4here Untersuchung erkennbar war, zugegangen ist. Der K\u00e4ufer hat die beanstandete Ware mit einer Kopie des Lieferscheins und einer genauen Fehlerbeschreibung auf Kosten des K\u00e4ufer zur\u00fcckzusenden.<\/p>\n<p>(3) Bei Sachm\u00e4ngeln der gelieferten Gegenst\u00e4nde ist der Verk\u00e4ufer nach seiner innerhalb angemessener Frist zu treffenden Wahl zun\u00e4chst zur Nachbesserung oder Ersatzlieferung verpflichtet und berechtigt. Im Falle des Fehlschlagens, d. h. der Unm\u00f6glichkeit, Unzumutbarkeit, Verweigerung oder unangemessenen Verz\u00f6gerung der Nachbesserung oder Ersatzlieferung, kann der K\u00e4ufer vom Vertrag zur\u00fccktreten.<\/p>\n<p>(4) Bei M\u00e4ngeln von Bauteilen anderer Hersteller, die der Verk\u00e4ufer aus lizenzrechtlichen oder tats\u00e4chlichen Gr\u00fcnden nicht beseitigen kann, wird der Verk\u00e4ufer nach seiner Wahl seine Gew\u00e4hrleistungsanspr\u00fcche gegen die Hersteller und Lieferanten f\u00fcr Rechnung des K\u00e4ufers geltend machen oder an den K\u00e4ufer abtreten. Gew\u00e4hrleistungsanspr\u00fcche gegen den Verk\u00e4ufer bestehen bei derartigen M\u00e4ngeln unter den sonstigen Voraussetzungen und nach Ma\u00dfgabe dieser Allgemeinen Lieferbedingungen nur, wenn die gerichtliche Durchsetzung der vorstehend genannten Anspr\u00fcche gegen den Hersteller und Lieferanten erfolglos war oder, beispielsweise aufgrund einer Insolvenz, aussichtslos ist.<\/p>\n<p>(5) Die Gew\u00e4hrleistung entf\u00e4llt, wenn der K\u00e4ufer ohne Zustimmung des Verk\u00e4ufers den Liefergegenstand \u00e4ndert oder durch Dritte \u00e4ndern l\u00e4sst und die M\u00e4ngelbeseitigung hierdurch unm\u00f6glich oder unzumutbar erschwert wird. In jedem Fall hat der K\u00e4ufer die durch die \u00c4nderung entstehenden Mehrkosten der M\u00e4ngelbeseitigung zu tragen.<\/p>\n<p>(6) Eine im Einzelfall mit dem K\u00e4ufer vereinbarte Lieferung gebrauchter Gegenst\u00e4nde erfolgt unter Ausschluss jeglicher Gew\u00e4hrleistung.<\/p>\n<p>(7) Gibt der K\u00e4ufer in der M\u00e4ngelanzeige die Art der von ihm gew\u00fcnschten Nacherf\u00fcllung nicht ausdr\u00fccklich an, obliegt uns die Wahl. Hat der K\u00e4ufer der defekten Ware bei der R\u00fccksendung nicht s\u00e4mtliches Zubeh\u00f6r beigef\u00fcgt, wird ihm im Fall der Nachlieferung mit entsprechendem Zubeh\u00f6r dieses zum Verkaufspreis zus\u00e4tzlich in Rechnung gestellt. Ersetzte Waren oder Teile gehen in unser Eigentum \u00fcber. Tritt der K\u00e4ufer aufgrund eines Mangels vom Kaufvertrag zur\u00fcck, werden nicht zur\u00fcckgegebene Lieferbestandteile ebenfalls zum Verkaufspreis von unserer Gutschrift abgezogen.<\/p>\n<p>(8) Stellt sich eine M\u00e4ngelr\u00fcge als unberechtigt heraus, schicken wir die beanstandete Ware an den K\u00e4ufer zur\u00fcck. Die Kosten einschlie\u00dflich des Pr\u00fcfungsaufwandes tr\u00e4gt der K\u00e4ufer. Wir sind berechtigt, eine pauschale Aufwandsentsch\u00e4digung in H\u00f6he von \u20ac 50,00 zu berechnen. Die Geltendmachung eines tats\u00e4chlichen h\u00f6heren Aufwands bleibt vorbehalten. Der K\u00e4ufer ist zum Nachweis berechtigt, dass unser Aufwand tats\u00e4chlich geringer war. Wir k\u00f6nnen die R\u00fccksendung der Ware von der Bezahlung unserer Rechnung abh\u00e4ngig machen.<\/p>\n<p>(9) Keine Gew\u00e4hrleistung wird \u00fcbernommen f\u00fcr Sch\u00e4den, die entstanden sind aus ungeeigneter oder unsachgem\u00e4\u00dfer Verwendung durch den K\u00e4ufer oder Dritte, nat\u00fcrlicher Abnutzung, fehlerhafter oder nachl\u00e4ssiger Behandlung.<\/p>\n<p>(10) Soweit der Verk\u00e4ufer technische Ausk\u00fcnfte gibt oder beratend t\u00e4tig wird und diese Ausk\u00fcnfte oder Beratung nicht zu dem von ihm geschuldeten, vertraglich vereinbarten Leistungsumfang geh\u00f6ren, geschieht dies unentgeltlich und unter Ausschluss jeglicher Haftung.<\/p>\n<p><strong>\u00a7 3 Preise und Vorkasse<\/strong><\/p>\n<p>(1) Die Preise gelten f\u00fcr den in den Auftragsbest\u00e4tigungen aufgef\u00fchrten Leistungs- und Lieferungsumfang. Mehr- oder Sonderleistungen werden gesondert berechnet. Die Preise verstehen sich in EURO ab Lager zuz\u00fcglich Verpackung, Versandkosten, Frachtkosten, der gesetzlichen Mehrwertsteuer, bei Exportlieferungen Zoll sowie Geb\u00fchren und anderer \u00f6ffentlicher Abgaben. Werden auf Wunsch des K\u00e4ufers Teillieferungen bewirkt, hat der K\u00e4ufer die anfallenden Mehrkosten zu \u00fcbernehmen. Das Gleiche gilt f\u00fcr (Transport-)Versicherungen auf Wunsch des K\u00e4ufers.<\/p>\n<p>(2) Lieferbedingungen: Wir liefern nur per VORKASSE!<\/p>\n<p><strong>\u00a7 4 Gerichtsstand<\/strong><\/p>\n<p>(1) F\u00fcr alle Anspr\u00fcche aus einem Vertragsverh\u00e4ltnis zu Hemp Products und etwaigen R\u00fcckabwicklungsanspr\u00fcchen aus solchen ist Gerichtsstand Dannenberg.<\/p>\n<\/div>\n","protected":false},"excerpt":{"rendered":"<p>\u00a7 1 Geltungsbereich, Kundeninformationen \u00dcber diese allgemeinen Gesch\u00e4ftsbedingungen wird das Vertragsverh\u00e4ltnis zwischen K\u00e4ufer und Verk\u00e4ufer geregelt und n\u00e4her ausgestaltet. Durch eine Bestellung bei Hemp Products erkl\u00e4ren Sie sich ausdr\u00fccklich mit der Anwendbarkeit und Geltung dieser Gesch\u00e4ftsbedingungen einverstanden sowie damit, dass Ihnen vor Abgabe Ihrer Bestellung diese Gesch\u00e4ftsbedingungen bekannt waren, bzw. Ihnen zug\u00e4nglich gemacht wurden. \u00a7&hellip;<\/p>\n","protected":false},"author":2,"featured_media":0,"parent":0,"menu_order":0,"comment_status":"closed","ping_status":"closed","template":"","meta":{"footnotes":""},"class_list":["post-94","page","type-page","status-publish","hentry"],"_links":{"self":[{"href":"https:\/\/www.hempproducts.eu\/en-us\/wp-json\/wp\/v2\/pages\/94","targetHints":{"allow":["GET"]}}],"collection":[{"href":"https:\/\/www.hempproducts.eu\/en-us\/wp-json\/wp\/v2\/pages"}],"about":[{"href":"https:\/\/www.hempproducts.eu\/en-us\/wp-json\/wp\/v2\/types\/page"}],"author":[{"embeddable":true,"href":"https:\/\/www.hempproducts.eu\/en-us\/wp-json\/wp\/v2\/users\/2"}],"replies":[{"embeddable":true,"href":"https:\/\/www.hempproducts.eu\/en-us\/wp-json\/wp\/v2\/comments?post=94"}],"version-history":[{"count":0,"href":"https:\/\/www.hempproducts.eu\/en-us\/wp-json\/wp\/v2\/pages\/94\/revisions"}],"wp:attachment":[{"href":"https:\/\/www.hempproducts.eu\/en-us\/wp-json\/wp\/v2\/media?parent=94"}],"curies":[{"name":"wp","href":"https:\/\/api.w.org\/{rel}","templated":true}]}}