{"id":115,"date":"2021-12-27T17:07:30","date_gmt":"2021-12-27T17:07:30","guid":{"rendered":"https:\/\/www.hempproducts.eu\/?post_type=product&#038;p=115"},"modified":"2023-01-07T08:35:52","modified_gmt":"2023-01-07T08:35:52","slug":"daemmplatte","status":"publish","type":"product","link":"https:\/\/www.hempproducts.eu\/en-us\/produkt\/daemmplatte\/","title":{"rendered":"Wohnraumplatte"},"content":{"rendered":"<h2><\/h2>\n<h2>Anwendung<\/h2>\n<p>Als 100 % nachhaltiger Baustoff &#8211; bestehend aus einj\u00e4hrig nachwachsenden Rohstoffen und nat\u00fcrlichen Mineralien &#8211; ist diese diffusionsoffene, leichte Strohplatte sehr gut f\u00fcr die Anwendung im Innenausbau geeignet. Aufgrund Ihrer hervorragenden bau\u00f6kologischen Eigenschaften findet sie Einsatz im Bereich der W\u00e4rmed\u00e4mmung, der Schimmelpilzsanierung sowie bei der Regulierung von Feuchtigkeit in Innenr\u00e4umen, wo sie ein angenehmes und gesundes Raumklima schafft.<\/p>\n<h2><\/h2>\n<h2>Details<\/h2>\n<div>\n<table width=\"532\">\n<tbody>\n<tr>\n<td>\u2022 Ma\u00dfe:<br \/>\n\u2022 Dicken:<br \/>\n\u2022 Rohdichte:<br \/>\n\u2022 Dickenquellung:<br \/>\n\u2022 W\u00e4rmeleitf\u00e4higkeit:<br \/>\n\u2022 Brandverhalten:<br \/>\n\u2022 Formaldehyd:<\/td>\n<td>1200 x 600 mm<br \/>\n20mm, 30mm<br \/>\nca. 350 kg\/m\u00b3<br \/>\n0,7-0,9 %<br \/>\n0,087 W\/(m*K)<br \/>\nB-s1 d0<br \/>\nA+<\/td>\n<\/tr>\n<\/tbody>\n<\/table>\n<\/div>\n","protected":false},"excerpt":{"rendered":"<p>&nbsp;<\/p>\n<p>inklusive 19% MwSt. + Versand<\/p>\n<p>1200 x 600 x 30 mm<\/p>\n","protected":false},"featured_media":114,"template":"","meta":[],"product_brand":[],"product_cat":[28,29],"product_tag":[],"class_list":{"0":"post-115","1":"product","2":"type-product","3":"status-publish","4":"has-post-thumbnail","6":"product_cat-hanfhaus","7":"product_cat-platten","9":"first","10":"instock","11":"featured","12":"taxable","13":"shipping-taxable","14":"purchasable","15":"product-type-simple"},"_links":{"self":[{"href":"https:\/\/www.hempproducts.eu\/en-us\/wp-json\/wp\/v2\/product\/115","targetHints":{"allow":["GET"]}}],"collection":[{"href":"https:\/\/www.hempproducts.eu\/en-us\/wp-json\/wp\/v2\/product"}],"about":[{"href":"https:\/\/www.hempproducts.eu\/en-us\/wp-json\/wp\/v2\/types\/product"}],"wp:featuredmedia":[{"embeddable":true,"href":"https:\/\/www.hempproducts.eu\/en-us\/wp-json\/wp\/v2\/media\/114"}],"wp:attachment":[{"href":"https:\/\/www.hempproducts.eu\/en-us\/wp-json\/wp\/v2\/media?parent=115"}],"wp:term":[{"taxonomy":"product_brand","embeddable":true,"href":"https:\/\/www.hempproducts.eu\/en-us\/wp-json\/wp\/v2\/product_brand?post=115"},{"taxonomy":"product_cat","embeddable":true,"href":"https:\/\/www.hempproducts.eu\/en-us\/wp-json\/wp\/v2\/product_cat?post=115"},{"taxonomy":"product_tag","embeddable":true,"href":"https:\/\/www.hempproducts.eu\/en-us\/wp-json\/wp\/v2\/product_tag?post=115"}],"curies":[{"name":"wp","href":"https:\/\/api.w.org\/{rel}","templated":true}]}}