{"id":153,"date":"2022-01-06T21:02:08","date_gmt":"2022-01-06T21:02:08","guid":{"rendered":"https:\/\/www.hempproducts.eu\/?post_type=product&#038;p=153"},"modified":"2022-01-06T21:29:01","modified_gmt":"2022-01-06T21:29:01","slug":"grosser-rucksack","status":"publish","type":"product","link":"https:\/\/www.hempproducts.eu\/en-us\/produkt\/grosser-rucksack\/","title":{"rendered":"Gro\u00dfer Rucksack"},"content":{"rendered":"<h1><strong>Made in Europa\u00a0<\/strong>CANAPAGLIA<\/h1>\n<p><strong>Gro\u00dfer Rucksack\u00a0 mit Reisverschluss aus Metall<br \/>\n<\/strong><\/p>\n<p><strong>\u00a0<\/strong><\/p>\n<p><strong>Unsere Hanfstoffe\u00a0 stammen aus europ\u00e4ischer Produktion und werden in Italien\u00a0 verarbeitet.<\/strong><\/p>\n<p><strong>Jedes Produkt ist ein handgefertigtes Unikat und kann leicht von der Abbildung abweichen.<\/strong><\/p>\n<p><strong>Sollten die Taschen und Rucks\u00e4cke im laufe der Jahre Schwachstellen zeigen, wir reparieren deinen Rucksack und Taschen.\u00a0 Adresse siehe\u00a0 Impressum. So kannst du deinen Lieblings-Rucksack reparieren lassen, anstatt ihn zu entsorgen und einen neuen kaufen zu m\u00fcssen.\u00a0<\/strong><\/p>\n<p><strong>100% Hanf<\/strong><\/p>\n<p><strong>Gr\u00f6\u00dfe:<br \/>\n<\/strong><\/p>\n<ul>\n<li><strong>\u00a0Kontaktr\u00fccken, gepolstert aus Hanffilz<br \/>\n<\/strong><\/li>\n<li><strong>Rucksackgurte: gepolstert aus Hanffilz<br \/>\n<\/strong><\/li>\n<\/ul>\n<p><strong>Stoff Farben: Natur\u00a0 \/ Schwarz \/ Gr\u00fcn<br \/>\n<\/strong><\/p>\n<p><strong>\u00a0<\/strong><\/p>\n<p><strong>Textil Material: 100% Hanf Stoff<br \/>\nUrsprung: Fasern und Stoff aus Europa. Gen\u00e4ht in Italien.<br \/>\n<\/strong><\/p>\n<p><strong>\u00a0Vegan<\/strong><\/p>\n<p><strong>B\u00c4NDER:\u00a0 100% Baumwollfasern recycelt<br \/>\n<\/strong><\/p>\n<p>Zur Herstellung von 500 Gramm herk\u00f6mmlicher Baumwolle werden rund 720 Liter Wasser ben\u00f6tigt. Wenn man dazu noch den CO2-Fu\u00dfabdruck f\u00fcr die Bewirtschaftung des Bodens, f\u00fcr den Anbau der Pflanzen und f\u00fcr die Ernte hinzuf\u00fcgt und das Ganze weltweit hochrechnet, dann kommen gewaltige Umweltbelastungen zusammen. Durch die Verwendung von recycelter Baumwolle k\u00f6nnen wir die Nutzungsdauer der bereits hergestellten Fasern verl\u00e4ngert, schonen damit die Umweltressourcen .<\/p>\n<p><strong>Durch die Verwendung von recycelten Baumwollfasern werden die CO2-Emissionen um 80 % reduziert, im Vergleich zum Anbau von herk\u00f6mmlicher Baumwolle.<\/strong><\/p>\n","protected":false},"excerpt":{"rendered":"<p><strong>Gro\u00dfer Rucksack mit Reisverschluss aus Metall<\/strong><\/p>\n","protected":false},"featured_media":154,"template":"","meta":[],"product_brand":[],"product_cat":[17],"product_tag":[],"class_list":{"0":"post-153","1":"product","2":"type-product","3":"status-publish","4":"has-post-thumbnail","6":"product_cat-taschen-rucksaecke","8":"first","9":"instock","10":"taxable","11":"shipping-taxable","12":"purchasable","13":"product-type-simple"},"_links":{"self":[{"href":"https:\/\/www.hempproducts.eu\/en-us\/wp-json\/wp\/v2\/product\/153","targetHints":{"allow":["GET"]}}],"collection":[{"href":"https:\/\/www.hempproducts.eu\/en-us\/wp-json\/wp\/v2\/product"}],"about":[{"href":"https:\/\/www.hempproducts.eu\/en-us\/wp-json\/wp\/v2\/types\/product"}],"wp:featuredmedia":[{"embeddable":true,"href":"https:\/\/www.hempproducts.eu\/en-us\/wp-json\/wp\/v2\/media\/154"}],"wp:attachment":[{"href":"https:\/\/www.hempproducts.eu\/en-us\/wp-json\/wp\/v2\/media?parent=153"}],"wp:term":[{"taxonomy":"product_brand","embeddable":true,"href":"https:\/\/www.hempproducts.eu\/en-us\/wp-json\/wp\/v2\/product_brand?post=153"},{"taxonomy":"product_cat","embeddable":true,"href":"https:\/\/www.hempproducts.eu\/en-us\/wp-json\/wp\/v2\/product_cat?post=153"},{"taxonomy":"product_tag","embeddable":true,"href":"https:\/\/www.hempproducts.eu\/en-us\/wp-json\/wp\/v2\/product_tag?post=153"}],"curies":[{"name":"wp","href":"https:\/\/api.w.org\/{rel}","templated":true}]}}