{"id":103,"date":"2021-12-21T22:34:13","date_gmt":"2021-12-21T22:34:13","guid":{"rendered":"https:\/\/www.hempproducts.eu\/?page_id=103"},"modified":"2025-06-26T06:36:28","modified_gmt":"2025-06-26T06:36:28","slug":"ueber-uns","status":"publish","type":"page","link":"https:\/\/www.hempproducts.eu\/it\/ueber-uns\/","title":{"rendered":"\u00dcber uns"},"content":{"rendered":"\n<h1>\n\t\t\t\u00dcBER UNS\t<\/h1>\n<h3>Die Welt aus Hanf<\/h3>\n<p>Wir haben uns dazu entschlossen, die Hemp Products zu gr\u00fcnden, um unser Wissen \u00fcber Hanf weiterzugeben. Seit mehr als 30 Jahren besch\u00e4ftigen wir uns mit Hanf.<\/p>\n<p>\u00dcberall geht es pl\u00f6tzlich um Nachhaltigkeit. Nachhaltigkeit hei\u00dft f\u00fcr uns, das wir uns auf \u00f6kologische, \u00f6konomische und soziale Aspekte beziehen. F\u00fcr uns reicht &#8220;nachhaltig&#8221; allein nicht, wir streben an, Produkte die nach dem Label &#8220;cradle-to-cradle&#8221; zertifiziert sind, zu produzieren. Wir wollen zeigen, das mit einer Pflanze alles abgedeckt werden kann, was die Menschheit braucht und das auf eine sehr nachhaltige Weise.<\/p>\n<p>Wir m\u00f6chten Euch hohe Qualit\u00e4t zu fairen Preisen bieten und greifen dabei auf Produzenten aus der Region und Europa zur\u00fcck. All unsere Hanfprodukte sind bei uns im t\u00e4glichen Gebrauch wiederzufinden und werden mit Sorgfalt hergestellt. Hanf ist nicht nur einer der \u00e4ltesten und wertvollsten Rohstoffe der Welt. Hanf ist der Stoff der Zukunft.<\/p>\n<p>Sollten Fragen zu uns, oder unseren Produkten aufkommen, meldet Euch bei uns und wir helfen mit Herz und Hanf weiter.<\/p>\n<p><em>Cesare Marti, Gr\u00fcnder<\/em><\/p>\n<h1>\n\t\t\tKONTAKT\t<\/h1>\n\n","protected":false},"excerpt":{"rendered":"<p>\u00dcBER UNS Die Welt aus Hanf Wir haben uns dazu entschlossen, die Hemp Products zu gr\u00fcnden, um unser Wissen \u00fcber Hanf weiterzugeben. Seit mehr als 30 Jahren besch\u00e4ftigen wir uns mit Hanf. \u00dcberall geht es pl\u00f6tzlich um Nachhaltigkeit. Nachhaltigkeit hei\u00dft f\u00fcr uns, das wir uns auf \u00f6kologische, \u00f6konomische und soziale Aspekte beziehen. F\u00fcr uns reicht&hellip;<\/p>\n","protected":false},"author":2,"featured_media":0,"parent":0,"menu_order":0,"comment_status":"closed","ping_status":"closed","template":"","meta":{"footnotes":""},"class_list":["post-103","page","type-page","status-publish","hentry"],"_links":{"self":[{"href":"https:\/\/www.hempproducts.eu\/it\/wp-json\/wp\/v2\/pages\/103","targetHints":{"allow":["GET"]}}],"collection":[{"href":"https:\/\/www.hempproducts.eu\/it\/wp-json\/wp\/v2\/pages"}],"about":[{"href":"https:\/\/www.hempproducts.eu\/it\/wp-json\/wp\/v2\/types\/page"}],"author":[{"embeddable":true,"href":"https:\/\/www.hempproducts.eu\/it\/wp-json\/wp\/v2\/users\/2"}],"replies":[{"embeddable":true,"href":"https:\/\/www.hempproducts.eu\/it\/wp-json\/wp\/v2\/comments?post=103"}],"version-history":[{"count":2,"href":"https:\/\/www.hempproducts.eu\/it\/wp-json\/wp\/v2\/pages\/103\/revisions"}],"predecessor-version":[{"id":480,"href":"https:\/\/www.hempproducts.eu\/it\/wp-json\/wp\/v2\/pages\/103\/revisions\/480"}],"wp:attachment":[{"href":"https:\/\/www.hempproducts.eu\/it\/wp-json\/wp\/v2\/media?parent=103"}],"curies":[{"name":"wp","href":"https:\/\/api.w.org\/{rel}","templated":true}]}}