{"id":200,"date":"2022-04-23T11:27:07","date_gmt":"2022-04-23T11:27:07","guid":{"rendered":"https:\/\/www.hempproducts.eu\/?post_type=product&#038;p=200"},"modified":"2023-06-24T19:45:03","modified_gmt":"2023-06-24T19:45:03","slug":"grosser-seesack","status":"publish","type":"product","link":"https:\/\/www.hempproducts.eu\/it\/produkt\/grosser-seesack\/","title":{"rendered":"Borsone grande \/ Sacca"},"content":{"rendered":"<h2><span style=\"color: #ff0000;\"><strong><span style=\"color: #008000;\">\u00a0CANA<\/span><span style=\"color: #ffcc00;\">PA<\/span><span style=\"color: #008000;\">GLIA <\/span><\/strong><\/span><\/h2>\n<p>Borsone grande<\/p>\n<p>Con cerniera in metallo<\/p>\n<p>&nbsp;<\/p>\n<p>I nostri tessuti di canapa provengono da una produzione europea e sono lavorati in Italia.<\/p>\n<p>Ogni prodotto \u00e8 fatto a mano e unico e pu\u00f2 differire leggermente dall&#8217;immagine.<\/p>\n<p>&nbsp;<\/p>\n<p>100% canapa<\/p>\n<p>Dimensioni: diametro 36 cm x 57 cm<\/p>\n<p>Colori del tessuto: Naturale e nero \/ naturale \/ verde scuro<\/p>\n<p>Materiale tessile: 100% tessuto di canapa e corda<br \/>\nOrigine: Fibre e tessuti provenienti dall&#8217;Europa. Cucito in Italia.<\/p>\n<p>Vegano<\/p>\n<p>NASTRI: 100% fibre di cotone riciclato.<\/p>\n<p>Per produrre 500 grammi di cotone convenzionale occorrono circa 720 litri d&#8217;acqua. Se a ci\u00f2 si aggiunge l&#8217;impronta di carbonio per la coltivazione del terreno, la crescita delle piante e il loro raccolto, e si estrapola il tutto a livello globale, l&#8217;impatto ambientale \u00e8 enorme. Utilizzando il cotone riciclato, possiamo prolungare la vita utile delle fibre gi\u00e0 prodotte, preservando cos\u00ec le risorse ambientali.<\/p>\n<p>Utilizzando fibre di cotone riciclato, le emissioni di CO2 si riducono dell&#8217;80% rispetto alla coltivazione di cotone convenzionale.<\/p>\n<p>Tradotto con www.DeepL.com\/Translator (versione gratuita)<\/p>\n","protected":false},"excerpt":{"rendered":"<h2><strong>\u00a0<\/strong><\/h2>\n<hr \/>\n<hr \/>\n<p><strong>\u00a0<\/strong><\/p>\n<p><strong>\u00a0<\/strong><\/p>\n","protected":false},"featured_media":202,"template":"","meta":[],"product_brand":[],"product_cat":[17],"product_tag":[],"class_list":{"0":"post-200","1":"product","2":"type-product","3":"status-publish","4":"has-post-thumbnail","6":"product_cat-taschen-rucksaecke","8":"first","9":"instock","10":"taxable","11":"shipping-taxable","12":"purchasable","13":"product-type-simple"},"_links":{"self":[{"href":"https:\/\/www.hempproducts.eu\/it\/wp-json\/wp\/v2\/product\/200","targetHints":{"allow":["GET"]}}],"collection":[{"href":"https:\/\/www.hempproducts.eu\/it\/wp-json\/wp\/v2\/product"}],"about":[{"href":"https:\/\/www.hempproducts.eu\/it\/wp-json\/wp\/v2\/types\/product"}],"wp:featuredmedia":[{"embeddable":true,"href":"https:\/\/www.hempproducts.eu\/it\/wp-json\/wp\/v2\/media\/202"}],"wp:attachment":[{"href":"https:\/\/www.hempproducts.eu\/it\/wp-json\/wp\/v2\/media?parent=200"}],"wp:term":[{"taxonomy":"product_brand","embeddable":true,"href":"https:\/\/www.hempproducts.eu\/it\/wp-json\/wp\/v2\/product_brand?post=200"},{"taxonomy":"product_cat","embeddable":true,"href":"https:\/\/www.hempproducts.eu\/it\/wp-json\/wp\/v2\/product_cat?post=200"},{"taxonomy":"product_tag","embeddable":true,"href":"https:\/\/www.hempproducts.eu\/it\/wp-json\/wp\/v2\/product_tag?post=200"}],"curies":[{"name":"wp","href":"https:\/\/api.w.org\/{rel}","templated":true}]}}